{"id":869,"date":"2020-06-16T15:14:20","date_gmt":"2020-06-16T15:14:20","guid":{"rendered":"https:\/\/tradnologies.k8s.optimizaclick.com\/empresa\/"},"modified":"2023-07-04T09:24:23","modified_gmt":"2023-07-04T09:24:23","slug":"equip","status":"publish","type":"page","link":"https:\/\/www.tradnologies.com\/ca\/equip\/","title":{"rendered":"Equip"},"content":{"rendered":"<p>[vc_row css_animation=&#8221;&#8221; row_type=&#8221;row&#8221; use_row_as_full_screen_section=&#8221;no&#8221; type=&#8221;grid&#8221; angled_section=&#8221;no&#8221; text_align=&#8221;left&#8221; background_image_as_pattern=&#8221;without_pattern&#8221; z_index=&#8221;&#8221; css=&#8221;.vc_custom_1589985744217{padding-top: 50px !important;}&#8221;][vc_column][vc_column_text]Tradnologies \u00e9s una empresa constitu\u00efda per professionals dels sectors de la <strong>tecnologia i la traducci\u00f3<\/strong> amb una dilatada experi\u00e8ncia en <strong>traducci\u00f3 t\u00e8cnica i localitzaci\u00f3 de programari.<\/strong><br \/>\nL\u2019equip hum\u00e0 de Tradnologies pertany a la primera generaci\u00f3 de professionals de la traducci\u00f3 que s\u2019ha format i ha treballat des del principi amb les <strong>noves tecnologies.<\/strong>[\/vc_column_text][vc_empty_space height=&#8221;20px&#8221;][vc_column_text]Gr\u00e0cies a <strong>l\u2019alt grau d\u2019especialitzaci\u00f3<\/strong> i als amplis coneixements del seu equip, Tradnologies ofereix un enfocament professional idoni per satisfer les canviants necessitats d\u2019una ind\u00fastria que aposta per l\u2019especialitzaci\u00f3, l\u2019automatitzaci\u00f3 i l\u2019optimitzaci\u00f3 dels processos.[\/vc_column_text][vc_empty_space height=&#8221;20px&#8221;][vc_column_text]En un mercat cada cop m\u00e9s exigent, el comprom\u00eds de Tradnologies es basa en la <strong>qualitat<\/strong>, la <strong>puntualitat<\/strong> i la <strong>personalitzaci\u00f3<\/strong> a fi d\u2019aconseguir la m\u00e0xima satisfacci\u00f3 dels nostres clients.[\/vc_column_text][\/vc_column][\/vc_row][vc_row css_animation=&#8221;&#8221; row_type=&#8221;row&#8221; use_row_as_full_screen_section=&#8221;no&#8221; type=&#8221;grid&#8221; angled_section=&#8221;no&#8221; text_align=&#8221;left&#8221; background_image_as_pattern=&#8221;without_pattern&#8221; css=&#8221;.vc_custom_1673623696165{padding-top: 50px !important;}&#8221; z_index=&#8221;&#8221; el_id=&#8221;team&#8221;][vc_column width=&#8221;1\/6&#8243;]<div class=\"q_image_with_text_over q_iwto_hover\"><div class=\"shader\" style = \"background-color: rgba(0,0,0,0.01)\"><\/div><div class=\"shader_hover\" style=\"background-color: rgba(10,10,10,0.5)\"><\/div><img itemprop=\"image\" src=\"https:\/\/www.tradnologies.com\/wp-content\/uploads\/2022\/07\/Ester-blanc-i-negre.jpeg\" alt=\"\" \/><div class=\"text\"><table><tr><td><h3 class=\"caption no_icon\" style=\"\"><\/h3><\/td><\/tr><\/table><table><tr><td><div class=\"desc\"><\/p>\n<h3 class=\"q_team_name\" style=\"text-align: center;\">Ester Ros\u00e0s<\/h3>\n<p style=\"text-align: center;\">Managing Director<\/p>\n<p style=\"text-align: center;\">Production Manager<\/p>\n<p><\/div><\/td><\/tr><\/table><\/div><\/div>[\/vc_column][vc_column width=&#8221;1\/6&#8243;]<div class=\"q_image_with_text_over q_iwto_hover\"><div class=\"shader\" style = \"background-color: rgba(0,0,0,0.01)\"><\/div><div class=\"shader_hover\" style=\"background-color: rgba(10,10,10,0.5)\"><\/div><img itemprop=\"image\" src=\"https:\/\/www.tradnologies.com\/wp-content\/uploads\/2022\/07\/Juancho-blanc-i-negre.jpeg\" alt=\"\" \/><div class=\"text\"><table><tr><td><h3 class=\"caption no_icon\" style=\"\"><\/h3><\/td><\/tr><\/table><table><tr><td><div class=\"desc\"><\/p>\n<h3 style=\"text-align: center;\">Juancho Mart\u00ednez<\/h3>\n<p style=\"text-align: center;\">IT Director<\/p>\n<p style=\"text-align: center;\">Senior Localization Engineer &amp; Tester<\/p>\n<p><\/div><\/td><\/tr><\/table><\/div><\/div>[\/vc_column][vc_column width=&#8221;1\/6&#8243;]<div class=\"q_image_with_text_over q_iwto_hover\"><div class=\"shader\" style = \"background-color: rgba(0,0,0,0.01)\"><\/div><div class=\"shader_hover\" style=\"background-color: rgba(10,10,10,0.5)\"><\/div><img itemprop=\"image\" src=\"https:\/\/www.tradnologies.com\/wp-content\/uploads\/2022\/07\/Marc-blanc-i-negre.jpeg\" alt=\"\" \/><div class=\"text\"><table><tr><td><h3 class=\"caption no_icon\" style=\"\"><\/h3><\/td><\/tr><\/table><table><tr><td><div class=\"desc\"><\/p>\n<h3 class=\"q_team_name\" style=\"text-align: center;\">Marc N\u00fa\u00f1ez de Prado<\/h3>\n<p style=\"text-align: center;\">Business Development<\/p>\n<p style=\"text-align: center;\">Director &amp; Vendor Manager<\/p>\n<p><\/div><\/td><\/tr><\/table><\/div><\/div>[\/vc_column][vc_column width=&#8221;1\/6&#8243;]<div class=\"q_image_with_text_over q_iwto_hover\"><div class=\"shader\" style = \"background-color: rgba(0,0,0,0.01)\"><\/div><div class=\"shader_hover\" style=\"background-color: rgba(10,10,10,0.5)\"><\/div><img itemprop=\"image\" src=\"https:\/\/www.tradnologies.com\/wp-content\/uploads\/2023\/02\/Sandra2023.jpg\" alt=\"\" \/><div class=\"text\"><table><tr><td><h3 class=\"caption no_icon\" style=\"\"><\/h3><\/td><\/tr><\/table><table><tr><td><div class=\"desc\"><\/p>\n<h3 class=\"q_team_name\" style=\"text-align: center;\">Sandra Coya<\/h3>\n<p style=\"text-align: center;\">PM Coordinator<\/p>\n<p><\/div><\/td><\/tr><\/table><\/div><\/div>[\/vc_column][vc_column width=&#8221;1\/6&#8243;]<div class=\"q_image_with_text_over q_iwto_hover\"><div class=\"shader\" style = \"background-color: rgba(0,0,0,0.01)\"><\/div><div class=\"shader_hover\" style=\"background-color: rgba(10,10,10,0.5)\"><\/div><img itemprop=\"image\" src=\"https:\/\/www.tradnologies.com\/wp-content\/uploads\/2023\/07\/Anonim_negre.jpg\" alt=\"\" \/><div class=\"text\"><table><tr><td><h3 class=\"caption no_icon\" style=\"\"><\/h3><\/td><\/tr><\/table><table><tr><td><div class=\"desc\"><\/p>\n<h3 class=\"q_team_name\" style=\"text-align: center;\">Maria Lancis<\/h3>\n<p class=\"q_team_name\" style=\"text-align: center;\">Project Manager<\/p>\n<p style=\"text-align: center;\">QA Specialist<\/p>\n<p><\/div><\/td><\/tr><\/table><\/div><\/div>[\/vc_column][vc_column width=&#8221;1\/6&#8243;]<div class=\"q_image_with_text_over q_iwto_hover\"><div class=\"shader\" style = \"background-color: rgba(0,0,0,0.01)\"><\/div><div class=\"shader_hover\" style=\"background-color: rgba(10,10,10,0.5)\"><\/div><img itemprop=\"image\" src=\"https:\/\/www.tradnologies.com\/wp-content\/uploads\/2023\/01\/Andrea.jpg\" alt=\"\" \/><div class=\"text\"><table><tr><td><h3 class=\"caption no_icon\" style=\"\"><\/h3><\/td><\/tr><\/table><table><tr><td><div class=\"desc\"><\/p>\n<h3 class=\"q_team_name\" style=\"text-align: center;\">Andrea Montilla<\/h3>\n<p style=\"text-align: center;\">Project Manager<\/p>\n<p style=\"text-align: center;\">Translator<\/p>\n<p><\/div><\/td><\/tr><\/table><\/div><\/div>[\/vc_column][\/vc_row][vc_row css_animation=&#8221;&#8221; row_type=&#8221;row&#8221; use_row_as_full_screen_section=&#8221;no&#8221; type=&#8221;grid&#8221; angled_section=&#8221;no&#8221; text_align=&#8221;left&#8221; background_image_as_pattern=&#8221;without_pattern&#8221; css=&#8221;.vc_custom_1592314035224{padding-top: 50px !important;}&#8221; z_index=&#8221;&#8221; el_id=&#8221;team&#8221;][vc_column width=&#8221;1\/6&#8243;]<div class=\"q_image_with_text_over q_iwto_hover\"><div class=\"shader\" style = \"background-color: rgba(0,0,0,0.01)\"><\/div><div class=\"shader_hover\" style=\"background-color: rgba(10,10,10,0.5)\"><\/div><img itemprop=\"image\" src=\"https:\/\/www.tradnologies.com\/wp-content\/uploads\/2020\/06\/Merc\u00e8.jpg\" alt=\"\" \/><div class=\"text\"><table><tr><td><h3 class=\"caption no_icon\" style=\"\"><\/h3><\/td><\/tr><\/table><table><tr><td><div class=\"desc\"><\/p>\n<h3 class=\"q_team_name\" style=\"text-align: center;\">Merc\u00e8 Castro<\/h3>\n<p style=\"text-align: center;\">Language Lead<\/p>\n<p style=\"text-align: center;\">Translator &amp; Reviewer<\/p>\n<p><\/div><\/td><\/tr><\/table><\/div><\/div>[\/vc_column][vc_column width=&#8221;1\/6&#8243;]<div class=\"q_image_with_text_over q_iwto_hover\"><div class=\"shader\" style = \"background-color: rgba(0,0,0,0.01)\"><\/div><div class=\"shader_hover\" style=\"background-color: rgba(10,10,10,0.5)\"><\/div><img itemprop=\"image\" src=\"https:\/\/www.tradnologies.com\/wp-content\/uploads\/2020\/06\/RuthCheca.jpg\" alt=\"\" \/><div class=\"text\"><table><tr><td><h3 class=\"caption no_icon\" style=\"\"><\/h3><\/td><\/tr><\/table><table><tr><td><div class=\"desc\"><\/p>\n<h3 class=\"q_team_name\" style=\"text-align: center;\">Ruth Checa<\/h3>\n<p style=\"text-align: center;\">Language Lead<\/p>\n<p style=\"text-align: center;\">Translator &amp; Reviewer<\/p>\n<p><\/div><\/td><\/tr><\/table><\/div><\/div>[\/vc_column][vc_column width=&#8221;1\/6&#8243;]<div class=\"q_image_with_text_over q_iwto_hover\"><div class=\"shader\" style = \"background-color: rgba(0,0,0,0.01)\"><\/div><div class=\"shader_hover\" style=\"background-color: rgba(10,10,10,0.5)\"><\/div><img itemprop=\"image\" src=\"https:\/\/www.tradnologies.com\/wp-content\/uploads\/2023\/01\/Marta-Sario-1.jpg\" alt=\"\" \/><div class=\"text\"><table><tr><td><h3 class=\"caption no_icon\" style=\"\"><\/h3><\/td><\/tr><\/table><table><tr><td><div class=\"desc\"><\/p>\n<h3 class=\"q_team_name\" style=\"text-align: center;\">Marta Sari\u00f3<\/h3>\n<p style=\"text-align: center;\">Language Lead<\/p>\n<p style=\"text-align: center;\">Translator &amp; Reviewer<\/p>\n<p><\/div><\/td><\/tr><\/table><\/div><\/div>[\/vc_column][vc_column width=&#8221;1\/6&#8243;]<div class=\"q_image_with_text_over q_iwto_hover\"><div class=\"shader\" style = \"background-color: rgba(0,0,0,0.01)\"><\/div><div class=\"shader_hover\" style=\"background-color: rgba(10,10,10,0.5)\"><\/div><img itemprop=\"image\" src=\"https:\/\/www.tradnologies.com\/wp-content\/uploads\/2022\/07\/Irene-G.jpeg\" alt=\"\" \/><div class=\"text\"><table><tr><td><h3 class=\"caption no_icon\" style=\"\"><\/h3><\/td><\/tr><\/table><table><tr><td><div class=\"desc\"><\/p>\n<h3 class=\"q_team_name\" style=\"text-align: center;\">Irene Guti\u00e9rrez<\/h3>\n<p style=\"text-align: center;\">Translator &amp; Reviewer<\/p>\n<p><\/div><\/td><\/tr><\/table><\/div><\/div>[\/vc_column][vc_column width=&#8221;1\/6&#8243;]<div class=\"q_image_with_text_over q_iwto_hover\"><div class=\"shader\" style = \"background-color: rgba(0,0,0,0.01)\"><\/div><div class=\"shader_hover\" style=\"background-color: rgba(10,10,10,0.5)\"><\/div><img itemprop=\"image\" src=\"https:\/\/www.tradnologies.com\/wp-content\/uploads\/2023\/07\/Anonim_negre.jpg\" alt=\"\" \/><div class=\"text\"><table><tr><td><h3 class=\"caption no_icon\" style=\"\"><\/h3><\/td><\/tr><\/table><table><tr><td><div class=\"desc\"><\/p>\n<h3 class=\"q_team_name\" style=\"text-align: center;\">Luc\u00eda Gago<\/h3>\n<p style=\"text-align: center;\">Translator &amp; Localizer<\/p>\n<p><\/div><\/td><\/tr><\/table><\/div><\/div>[\/vc_column][vc_column width=&#8221;1\/6&#8243;]<div class=\"q_image_with_text_over q_iwto_hover\"><div class=\"shader\" style = \"background-color: rgba(0,0,0,0.01)\"><\/div><div class=\"shader_hover\" style=\"background-color: rgba(10,10,10,0.5)\"><\/div><img itemprop=\"image\" src=\"https:\/\/www.tradnologies.com\/wp-content\/uploads\/2020\/06\/Jose.jpg\" alt=\"\" \/><div class=\"text\"><table><tr><td><h3 class=\"caption no_icon\" style=\"\"><\/h3><\/td><\/tr><\/table><table><tr><td><div class=\"desc\"><\/p>\n<h3 class=\"q_team_name\" style=\"text-align: center;\">Jose Remar<\/h3>\n<p style=\"text-align: center;\">IT Support<\/p>\n<p><\/div><\/td><\/tr><\/table><\/div><\/div>[\/vc_column][\/vc_row][vc_row css_animation=&#8221;&#8221; row_type=&#8221;row&#8221; use_row_as_full_screen_section=&#8221;no&#8221; type=&#8221;grid&#8221; angled_section=&#8221;no&#8221; text_align=&#8221;left&#8221; background_image_as_pattern=&#8221;without_pattern&#8221; css=&#8221;.vc_custom_1592314216893{padding-top: 50px !important;padding-bottom: 90px !important;}&#8221; z_index=&#8221;&#8221; el_id=&#8221;team&#8221;][vc_column width=&#8221;1\/6&#8243;][\/vc_column][vc_column width=&#8221;1\/6&#8243;][\/vc_column][vc_column width=&#8221;1\/6&#8243;][\/vc_column][vc_column width=&#8221;1\/6&#8243;][\/vc_column][vc_column width=&#8221;1\/6&#8243;][\/vc_column][vc_column width=&#8221;1\/6&#8243;][\/vc_column][\/vc_row]<\/p>\n","protected":false},"excerpt":{"rendered":"<p>[vc_row css_animation=&#8221;&#8221; row_type=&#8221;row&#8221; use_row_as_full_screen_section=&#8221;no&#8221; type=&#8221;grid&#8221; angled_section=&#8221;no&#8221; text_align=&#8221;left&#8221; background_image_as_pattern=&#8221;without_pattern&#8221; z_index=&#8221;&#8221; css=&#8221;.vc_custom_1589985744217{padding-top: 50px !important;}&#8221;][vc_column][vc_column_text]Tradnologies \u00e9s una empresa constitu\u00efda per professionals dels sectors de la tecnologia i la traducci\u00f3 amb una dilatada experi\u00e8ncia en traducci\u00f3 t\u00e8cnica i localitzaci\u00f3 de programari. L\u2019equip hum\u00e0 de Tradnologies pertany a la primera&#8230;<\/p>\n","protected":false},"author":1,"featured_media":0,"parent":0,"menu_order":0,"comment_status":"closed","ping_status":"closed","template":"full_width.php","meta":[],"yoast_head":"<!-- This site is optimized with the Yoast SEO plugin v17.3 - https:\/\/yoast.com\/wordpress\/plugins\/seo\/ -->\n<title>Equip - Tradnologies<\/title>\n<meta name=\"robots\" content=\"index, follow, max-snippet:-1, max-image-preview:large, max-video-preview:-1\" \/>\n<link rel=\"canonical\" href=\"https:\/\/www.tradnologies.com\/ca\/equip\/\" \/>\n<meta property=\"og:locale\" content=\"ca_ES\" \/>\n<meta property=\"og:type\" content=\"article\" \/>\n<meta property=\"og:title\" content=\"Equip - Tradnologies\" \/>\n<meta property=\"og:description\" content=\"[vc_row css_animation=&#8221;&#8221; row_type=&#8221;row&#8221; use_row_as_full_screen_section=&#8221;no&#8221; type=&#8221;grid&#8221; angled_section=&#8221;no&#8221; text_align=&#8221;left&#8221; background_image_as_pattern=&#8221;without_pattern&#8221; z_index=&#8221;&#8221; css=&#8221;.vc_custom_1589985744217{padding-top: 50px !important;}&#8221;][vc_column][vc_column_text]Tradnologies \u00e9s una empresa constitu\u00efda per professionals dels sectors de la tecnologia i la traducci\u00f3 amb una dilatada experi\u00e8ncia en traducci\u00f3 t\u00e8cnica i localitzaci\u00f3 de programari. L\u2019equip hum\u00e0 de Tradnologies pertany a la primera...\" \/>\n<meta property=\"og:url\" content=\"https:\/\/www.tradnologies.com\/ca\/equip\/\" \/>\n<meta property=\"og:site_name\" content=\"Tradnologies\" \/>\n<meta property=\"article:modified_time\" content=\"2023-07-04T09:24:23+00:00\" \/>\n<meta name=\"twitter:card\" content=\"summary_large_image\" \/>\n<meta name=\"twitter:label1\" content=\"Temps estimat de lectura\" \/>\n\t<meta name=\"twitter:data1\" content=\"2 minuts\" \/>\n<script type=\"application\/ld+json\" class=\"yoast-schema-graph\">{\"@context\":\"https:\/\/schema.org\",\"@graph\":[{\"@type\":\"WebSite\",\"@id\":\"https:\/\/www.tradnologies.com\/#website\",\"url\":\"https:\/\/www.tradnologies.com\/\",\"name\":\"Tradnologies\",\"description\":\"Empresa de traducci\\u00f3n en Barcelona\",\"potentialAction\":[{\"@type\":\"SearchAction\",\"target\":{\"@type\":\"EntryPoint\",\"urlTemplate\":\"https:\/\/www.tradnologies.com\/?s={search_term_string}\"},\"query-input\":\"required name=search_term_string\"}],\"inLanguage\":\"ca\"},{\"@type\":\"WebPage\",\"@id\":\"https:\/\/www.tradnologies.com\/ca\/equip\/#webpage\",\"url\":\"https:\/\/www.tradnologies.com\/ca\/equip\/\",\"name\":\"Equip - Tradnologies\",\"isPartOf\":{\"@id\":\"https:\/\/www.tradnologies.com\/#website\"},\"datePublished\":\"2020-06-16T15:14:20+00:00\",\"dateModified\":\"2023-07-04T09:24:23+00:00\",\"breadcrumb\":{\"@id\":\"https:\/\/www.tradnologies.com\/ca\/equip\/#breadcrumb\"},\"inLanguage\":\"ca\",\"potentialAction\":[{\"@type\":\"ReadAction\",\"target\":[\"https:\/\/www.tradnologies.com\/ca\/equip\/\"]}]},{\"@type\":\"BreadcrumbList\",\"@id\":\"https:\/\/www.tradnologies.com\/ca\/equip\/#breadcrumb\",\"itemListElement\":[{\"@type\":\"ListItem\",\"position\":1,\"name\":\"Portada\",\"item\":\"https:\/\/tradnologies.k8s.optimizaclick.com\/ca\/\"},{\"@type\":\"ListItem\",\"position\":2,\"name\":\"Equip\"}]}]}<\/script>\n<!-- \/ Yoast SEO plugin. -->","yoast_head_json":{"title":"Equip - Tradnologies","robots":{"index":"index","follow":"follow","max-snippet":"max-snippet:-1","max-image-preview":"max-image-preview:large","max-video-preview":"max-video-preview:-1"},"canonical":"https:\/\/www.tradnologies.com\/ca\/equip\/","og_locale":"ca_ES","og_type":"article","og_title":"Equip - Tradnologies","og_description":"[vc_row css_animation=&#8221;&#8221; row_type=&#8221;row&#8221; use_row_as_full_screen_section=&#8221;no&#8221; type=&#8221;grid&#8221; angled_section=&#8221;no&#8221; text_align=&#8221;left&#8221; background_image_as_pattern=&#8221;without_pattern&#8221; z_index=&#8221;&#8221; css=&#8221;.vc_custom_1589985744217{padding-top: 50px !important;}&#8221;][vc_column][vc_column_text]Tradnologies \u00e9s una empresa constitu\u00efda per professionals dels sectors de la tecnologia i la traducci\u00f3 amb una dilatada experi\u00e8ncia en traducci\u00f3 t\u00e8cnica i localitzaci\u00f3 de programari. L\u2019equip hum\u00e0 de Tradnologies pertany a la primera...","og_url":"https:\/\/www.tradnologies.com\/ca\/equip\/","og_site_name":"Tradnologies","article_modified_time":"2023-07-04T09:24:23+00:00","twitter_card":"summary_large_image","twitter_misc":{"Temps estimat de lectura":"2 minuts"},"schema":{"@context":"https:\/\/schema.org","@graph":[{"@type":"WebSite","@id":"https:\/\/www.tradnologies.com\/#website","url":"https:\/\/www.tradnologies.com\/","name":"Tradnologies","description":"Empresa de traducci\u00f3n en Barcelona","potentialAction":[{"@type":"SearchAction","target":{"@type":"EntryPoint","urlTemplate":"https:\/\/www.tradnologies.com\/?s={search_term_string}"},"query-input":"required name=search_term_string"}],"inLanguage":"ca"},{"@type":"WebPage","@id":"https:\/\/www.tradnologies.com\/ca\/equip\/#webpage","url":"https:\/\/www.tradnologies.com\/ca\/equip\/","name":"Equip - Tradnologies","isPartOf":{"@id":"https:\/\/www.tradnologies.com\/#website"},"datePublished":"2020-06-16T15:14:20+00:00","dateModified":"2023-07-04T09:24:23+00:00","breadcrumb":{"@id":"https:\/\/www.tradnologies.com\/ca\/equip\/#breadcrumb"},"inLanguage":"ca","potentialAction":[{"@type":"ReadAction","target":["https:\/\/www.tradnologies.com\/ca\/equip\/"]}]},{"@type":"BreadcrumbList","@id":"https:\/\/www.tradnologies.com\/ca\/equip\/#breadcrumb","itemListElement":[{"@type":"ListItem","position":1,"name":"Portada","item":"https:\/\/tradnologies.k8s.optimizaclick.com\/ca\/"},{"@type":"ListItem","position":2,"name":"Equip"}]}]}},"_links":{"self":[{"href":"https:\/\/www.tradnologies.com\/ca\/wp-json\/wp\/v2\/pages\/869"}],"collection":[{"href":"https:\/\/www.tradnologies.com\/ca\/wp-json\/wp\/v2\/pages"}],"about":[{"href":"https:\/\/www.tradnologies.com\/ca\/wp-json\/wp\/v2\/types\/page"}],"author":[{"embeddable":true,"href":"https:\/\/www.tradnologies.com\/ca\/wp-json\/wp\/v2\/users\/1"}],"replies":[{"embeddable":true,"href":"https:\/\/www.tradnologies.com\/ca\/wp-json\/wp\/v2\/comments?post=869"}],"version-history":[{"count":30,"href":"https:\/\/www.tradnologies.com\/ca\/wp-json\/wp\/v2\/pages\/869\/revisions"}],"predecessor-version":[{"id":3715,"href":"https:\/\/www.tradnologies.com\/ca\/wp-json\/wp\/v2\/pages\/869\/revisions\/3715"}],"wp:attachment":[{"href":"https:\/\/www.tradnologies.com\/ca\/wp-json\/wp\/v2\/media?parent=869"}],"curies":[{"name":"wp","href":"https:\/\/api.w.org\/{rel}","templated":true}]}}